{"id":2,"date":"2009-08-20T13:13:55","date_gmt":"2009-08-20T11:13:55","guid":{"rendered":""},"modified":"2014-01-15T21:32:44","modified_gmt":"2014-01-15T19:32:44","slug":"informacion","status":"publish","type":"page","link":"https:\/\/bardina.blog.pangea.org\/de\/informacion\/","title":{"rendered":"Wer sind wir?"},"content":{"rendered":"<p>Wer sind wir?<\/p>\n<p>Unser Name leitet sich von dem P\u00e4dagogen und Gelehrten Joan Bardina i Castar\u00e0 (Sant Boi de Llobregat, 1877-Valparaiso, 1950) ab, der die katalanische P\u00e4dagogik zu Beginn des zwanzigsten Jahrhunderts revolutionierte. Er war au\u00dferdem ein Forscher, der neue soziale, \u00f6konomische und politische Alternativen vorschlug.<\/p>\n<p>Das \u201aCentre d&#8217;Estudis Joan Bardina&#8217; ist eine gemeinn\u00fctziger Verein, der 1984 gegr\u00fcndet wurde. Ausgehend von den Vorschl\u00e4gen Joan Bardinas haben wir das Ziel, Studien und Vorschl\u00e4ge zu entwickeln, die dabei helfen, neue Modelle der Solidarit\u00e4t und des Zusammenlebens zu entwerfen.<\/p>\n<p>Die laufenden Untersuchungen, angeregt seit vielen Jahren von Agusti Chalaux de Subir\u00e0 (Sant Genis des Agudells 1911), Quelle von Intuitionen, Vater unserer grundlegenden Arbeitshypothesen und Gr\u00fcnder unseres Zentrums, orientieren sich an folgenden Punkten:<\/p>\n<p>\u2022 Anwendung des ph\u00e4nomenologisch experimentellen Empirismus auf soziale, \u00f6konomische und politische Ph\u00e4nomene, die logisch und technisch experimentell analysiert werden k\u00f6nnen, um vorteilhafte Strukturen von konkreten Freiheiten zu suchen.<\/p>\n<p>\u2022 Ausarbeitung einer eindeutigen Terminologie (unentbehrlich bei der wissenschaftlichen Behandlung der Ph\u00e4nomene) orientiert an der urspr\u00fcnglichen Bedeutung der W\u00f6rter und ihrer Ableitungen (semantisch- etymologisch -linguistisch).<\/p>\n<p>\u2022 Interdisziplin\u00e4re Studie der verschiedenen Etappen der Naturgeschichte, speziell der menschlichen, als Rahmenbedingung, um aktuelle soziale und wirtschaftliche Konflikte zu verstehen.<\/p>\n<p>\u2022 Untersuchungen \u00fcber bestimmende Themen der Geschichte: Volkswirtschaft, Erfindung, Unternehmen, Kapital, Markt, Arbeit, W\u00e4hrung, \u00d6kologie&#8230;<\/p>\n<p>\u2022 Studien und Vorschl\u00e4ge \u00fcber die Rationalisierung des Geldes, um es in ein verantwortliches Instrument umzuwandeln, allseitig informativ, als Mittel zwischen Markt und Gesellschaft (&#8220;factura-cheque-telem\u00e1tica&#8221;).<\/p>\n<p>\u2022 Untersuchungen \u00fcber sie m\u00f6glichen sozialen Konsequenzen, die sich aus dieser &#8220;Telematica&#8221; Geldreform ergeben: Ein telematik Archiv von pers\u00f6nlichen Daten unter dem Schutz einer vom Staat unabh\u00e4ngigen Justiz, Steuervereinfachung, universelles Rechnungswesen, exakte Markteinsch\u00e4tzung, experimentelle Wirtschaftswissenschaft..<\/p>\n<p>\u2022 Ausarbeitung von Vorschl\u00e4gen \u00fcber:<\/p>\n<p>Freier Markt und transparente Gesellschaft. Vermeiden, dass sich das Handelsgeld in Geld der Korruption und der Macht verwandelt und verhindern der Vermarktung der Bestimmung freier Institutionen.<\/p>\n<p>Dialektik zwischen &#8220;arquia i anarquia&#8221; (Macht und Anarchie). Genaue Bestimmung der Funktionen der leitenden sozialen Organe auf allen Ebenen, um die Transformation der Macht gegen individuelle, soziale und nationale Personen zu verhindern.<\/p>\n<p>Dialektik zwischen dem privaten Wohl und dem Gemeinwohl. Ausarbeitung von Hypothesen \u00fcber das wirtschaftliche Gemeinwohl, technisch erfahrbar mit der &#8220;factura-cheque telem\u00e1tica&#8221;.<\/p>\n<p>\u2022 Untersuchung der Strategien zur Erreichung der formulierten Vorschl\u00e4ge.<\/p>","protected":false},"excerpt":{"rendered":"<p>Wer sind wir? Unser Name leitet sich von dem P\u00e4dagogen und Gelehrten Joan Bardina i Castar\u00e0 (Sant Boi de Llobregat, 1877-Valparaiso, 1950) ab, der die katalanische P\u00e4dagogik zu Beginn des zwanzigsten Jahrhunderts revolutionierte. Er war au\u00dferdem ein Forscher, der neue &hellip; <a href=\"https:\/\/bardina.blog.pangea.org\/de\/informacion\/\">Weiterlesen <span class=\"meta-nav\">&rarr;<\/span><\/a><\/p>\n","protected":false},"author":106,"featured_media":0,"parent":0,"menu_order":2,"comment_status":"open","ping_status":"open","template":"","meta":{"footnotes":""},"class_list":["post-2","page","type-page","status-publish","hentry"],"jetpack_sharing_enabled":true,"_links":{"self":[{"href":"https:\/\/bardina.blog.pangea.org\/de\/wp-json\/wp\/v2\/pages\/2","targetHints":{"allow":["GET"]}}],"collection":[{"href":"https:\/\/bardina.blog.pangea.org\/de\/wp-json\/wp\/v2\/pages"}],"about":[{"href":"https:\/\/bardina.blog.pangea.org\/de\/wp-json\/wp\/v2\/types\/page"}],"author":[{"embeddable":true,"href":"https:\/\/bardina.blog.pangea.org\/de\/wp-json\/wp\/v2\/users\/106"}],"replies":[{"embeddable":true,"href":"https:\/\/bardina.blog.pangea.org\/de\/wp-json\/wp\/v2\/comments?post=2"}],"version-history":[{"count":16,"href":"https:\/\/bardina.blog.pangea.org\/de\/wp-json\/wp\/v2\/pages\/2\/revisions"}],"predecessor-version":[{"id":1990,"href":"https:\/\/bardina.blog.pangea.org\/de\/wp-json\/wp\/v2\/pages\/2\/revisions\/1990"}],"wp:attachment":[{"href":"https:\/\/bardina.blog.pangea.org\/de\/wp-json\/wp\/v2\/media?parent=2"}],"curies":[{"name":"wp","href":"https:\/\/api.w.org\/{rel}","templated":true}]}}