{"id":1991,"date":"2014-01-16T00:44:11","date_gmt":"2014-01-15T22:44:11","guid":{"rendered":"http:\/\/bardina.blog.pangea.org\/?page_id=1991"},"modified":"2014-01-16T01:01:53","modified_gmt":"2014-01-15T23:01:53","slug":"peter-rosset-tot-pais-pot-alimentar-la-seva-gent","status":"publish","type":"page","link":"https:\/\/bardina.blog.pangea.org\/eo\/publicacions-de-col%c2%b7laboradors-i-amics-del-centre-destudis-joan-bardina\/peter-rosset-tot-pais-pot-alimentar-la-seva-gent\/","title":{"rendered":"Peter Rosset: \u00ab\u0108iuj landoj povas nutri sian popolon\u00bb."},"content":{"rendered":"<p><\/p>\n<p align=\"center\">Peter Rosset: \u00ab\u0108iuj landoj povas nutri sian popolon\u00bb.<\/p>\n<p><a href=\"http:\/\/bardina.blog.pangea.org\/files\/2014\/01\/La_Vanguardia_logotip.jpg\"><img loading=\"lazy\" decoding=\"async\" class=\"alignleft size-full wp-image-1992\" alt=\"La_Vanguardia_logotip\" src=\"http:\/\/bardina.blog.pangea.org\/files\/2014\/01\/La_Vanguardia_logotip.jpg\" width=\"200\" height=\"29\" align=\"right\" hspace=\"10\" \/><\/a><strong>La Vanguardia, sabaton la 16an de aprilo 2005. La Contra. Pa\u011do 76<\/strong>.<\/p>\n<p align=\"justify\"><strong>Peter Rosset.<\/strong><\/p>\n<p>Spertulo pri nutrado kaj pri tutmonda agrokulturo.<\/p>\n<p align=\"justify\"><a href=\"http:\/\/bardina.blog.pangea.org\/files\/2014\/01\/Peter_Rosset_-_Foto_1.jpg\"><img loading=\"lazy\" decoding=\"async\" class=\"alignleft size-full wp-image-1993\" alt=\"Peter Rosset. Foto: Inma Sainz De Baranda.\" src=\"http:\/\/bardina.blog.pangea.org\/files\/2014\/01\/Peter_Rosset_-_Foto_1.jpg\" width=\"300\" height=\"191\" \/><\/a><\/p>\n<p align=\"justify\">Peter Rosset. Foto: Inma S\u00e1inz De Baranda.<\/p>\n<p align=\"justify\"><strong>Mi estas 49-jara, naski\u011dis en Nova York kaj lo\u011das en Oaxaca, kie mi gvidas la Centron de Studoj por la \u015can\u011do en la Meksika Kamparo. Mi estas doktoro pri agroekologio. Mi vidas neniun politikan partion kun proponoj por superi la plej gravajn problemojn kaj tamen mi fidas pri la civila socio. Mi estas agnostikulo. Mi publikigas \u00ab<em>World hunger: twelve myths<\/em>\u00bb (\u00ab<em>Dekdu mitoj pri la malsato<\/em>\u00bb)<\/strong>.<\/p>\n<p align=\"justify\">Ima Sanch\u00eds.<\/p>\n<p align=\"justify\">Por superi la problemon de la malsato en la mondo ni devas \u015dan\u011di la nunan nutran sistemon.<\/p>\n<p align=\"justify\"><strong>\u2013\u0108u la fundamento fiaskis?<\/strong><\/p>\n<p align=\"justify\">\u2013Jes, kaj la \u0109efa obstaklo estas serio da malveraj mitoj kiuj konfuzas nin pri la veraj ka\u016dzoj de la malsato.<\/p>\n<p align=\"justify\"><strong>\u2013Oni devas komenci por diri la veron.<\/strong><strong> <\/strong><\/p>\n<p align=\"justify\">\u2013Jes, tiel. La unua mito estas diri ke estas ne sufi\u0109a man\u011da\u0135o en la mondo por nutri nin \u0109iujn, kaj la realo estas ke ni produktas duoble de niaj bezonoj.<\/p>\n<p align=\"justify\"><strong>\u2013\u0108u la problemo estas la distribuado?<\/strong><strong> <\/strong><\/p>\n<p align=\"justify\">\u2013Jes, kaj la \u0109efa problemo de la terkulturistoj de la mondo estas la superproduktado: la granda pluso reduktigas la prezojn.<\/p>\n<p align=\"justify\"><strong>\u2013Dua mito&#8230;<\/strong><strong> <\/strong><\/p>\n<p align=\"justify\">\u2013La naturo estas la ka\u016dzo de la malsato. Kiam okazas sekeco, ekzemple en Afriko kaj la sekva malsatego, la homoj opinias ke temas pri granda ka\u016dzo.<\/p>\n<p align=\"justify\"><strong>\u2013\u0108u ne?<\/strong><strong> <\/strong><\/p>\n<p align=\"justify\">\u2013Ne. En \u0109iuj kazoj de malsatego, la landoj kiuj \u011din suferis ne lasis produkti kaj eksporti al E\u016dropo kaj Usono, kio signifas ke iu parto de la lando havas abundan rikolton, kiun mem ne povas a\u0109eti. Konsekvence temas pri problemo de socia organizo.<\/p>\n<p align=\"justify\"><strong>\u2013Tria mito&#8230;<\/strong><strong> <\/strong><\/p>\n<p align=\"justify\">\u2013Tro da bu\u015doj por nutri. En E\u016dropo kaj Usono dum longa tempo okazis popol-kresko tre malgranda. Kun la industria revolucio okazis demografia eksplodo kiu finfine niveli\u011dis. Oni pensis ke la landoj en la Sudo ne agos same, sed ke ili kreskos eksponenciale. Sed \u0109iuj sudaj kontinentoj niveli\u011das.<\/p>\n<p align=\"justify\"><strong>\u2013<\/strong><strong>Kvara mito. Nutra\u0135oj kontra\u016d la medio.<\/strong><strong> <\/strong><\/p>\n<p align=\"justify\">\u2013Oni kredas ke se ni deziras nutri la malsatantojn, ni devos akcepti produktajn teknologiojn, nocaj por la medio. Oni rakontis al ni la fabelon pri tio ke oni bezonas la kontra\u016dplagajn produktojn por pli granda produktado. En Usono oni uzas 10-foje pli da agrotoksikaj produktoj ol anta\u016d 40 jaroj kaj ni perdas duoblan rikolton \u0109ar la plagoj fari\u011dis imunaj kontra\u016d la produktoj kaj \u011diaj naturaj kontroliloj, aliaj bestoj kiuj forman\u011dis la insektojn, estis eliminitaj.<\/p>\n<p align=\"justify\"><strong>\u2013\u0108u la transgenikoj sekvas la saman vojon?<\/strong><strong> <\/strong><\/p>\n<p align=\"justify\">\u2013Jes, oni diras ke dank\u2019 al ili la produktado plialti\u011dos. La transgenikoj metas la insekticidon ene de la planto kaj per tio ripeti\u011das la sama sistemo de la plago-produktoj.<\/p>\n<p align=\"justify\"><strong>\u2013Kvina mito&#8230;<\/strong><strong> <\/strong><\/p>\n<p align=\"justify\">\u2013La miraklo de la verda revolucio , kiu bazi\u011das sur la unukulturo, pesticidoj, kemiaj sterka\u0135oj kaj variado de hibridaj semoj, kiun oni eksportis al la Tria Mondo por pliigi la produktadon kaj malaperigi la malsaton.<\/p>\n<p align=\"justify\"><strong>\u2013Oni diras ke la problemo ekzistas \u0109ar la verda revolucio ne alvenis al Afriko.<\/strong><strong> <\/strong><\/p>\n<p align=\"justify\">\u2013Oni diras tion, sed ni observu kio okazis en LatinAmeriko kaj en Azio. Tutcerte la produktado alti\u011dis, sed anka\u016d la malsato. Nur la bonhavaj kamparanoj povis a\u0109eti la modifitajn semojn kaj la sterka\u0135ojn. La malgrandaj kamparanoj estis forigitaj kaj pligrandigis la primalsatajn statistikojn kaj poste la sistemo malnobligis la produktivan kapablon de la grundo pro la intensiva uzo de terkemia\u0135oj.<\/p>\n<p align=\"justify\"><strong>\u2013Sesa mito: la grandaj proprieta\u0135oj estas pli produktivaj ol la malgrandaj.<\/strong><strong> <\/strong><\/p>\n<p align=\"justify\">\u2013Denove la respondo estas la malo: la evidenteco pruvas ke en \u0109iuj landoj, Nordaj kaj Sudaj , la proprieta\u0135oj pli malgrandaj produktas inter du kaj dek foje pli ol la grandaj proprieta\u0135oj. La granda produktisto produktas unukulturojn, misutiligante la grundon. La malgrandaj kamparanoj kultivas sem-produktojn kombinante ilin kun fruktaj arboj, porkoj, kokinoj, bovino&#8230;<\/p>\n<p align=\"justify\"><strong>\u2013\u0108u la libera merkato forigos la malsaton?<\/strong><strong> <\/strong><\/p>\n<p align=\"justify\">\u2013Se oni lasas la nutradon al la merkato, la solaj kiuj bone man\u011das estas la ri\u0109uloj. En la monda mapo de la nutrada fluo, la movo iras el la plej mizeraj landoj al la landoj kun pli a\u0109eto-povo. Kaj pasis pli ol 40 jaroj dum kiuj ni vidis ke la agrokulturaj prezoj sekvas nean tendencon. Nur kiam la registaroj intervenas sur la merkato de agrokulturaj produktoj, oni povas garantii ke ekzistas minimuma vivtena prezo por la kamparano kaj nutra\u0135oj alireblaj por \u0109iuj.<\/p>\n<p align=\"justify\"><strong>\u2013La merkato tendencas al la monopolo. <\/strong><strong> <\/strong><\/p>\n<p align=\"justify\">\u2013Estas sufi\u0109e pruvite ke se oni ne aplikas la kontra\u016d monopolajn le\u011dojn, la prezo, kiun la kamparanoj ricevas malalti\u011das kaj tiun, kiun pagas la konsumantoj alti\u011das. Nur tio kio alti\u011dis estas la gajno de tiuj da\u016dre pli grandaj perantaj entreprenoj.<\/p>\n<p align=\"justify\"><strong>\u2013Kia katastrofo, ni agas fatale!<\/strong><strong> <\/strong><\/p>\n<p align=\"justify\">\u2013Alia mito estas tiu kiu diras ke la ri\u0109aj landoj havas profiton de la malsato de la malri\u0109uloj. Nuntempe la fabrikojn oni konstruas en landoj Triamondaj kio malri\u0109igas \u0109iujn.<\/p>\n<p align=\"justify\"><strong>\u2013Donu al mi ekzemplon.<\/strong><strong> <\/strong><\/p>\n<p align=\"justify\">\u2013La traktato de Libera Komerco faciligis la fermon de pluraj fabrikoj en Usono, kiuj transloki\u011dis al Meksiko, kie krei\u011dis 300.000 labor-lokoj. La meksikan merkaton invadis malmultekostaj produktoj kaj la grandaj vendejoj usonaj, kio provokis la kra\u015don de multegaj malgrandaj vendejoj kun perdo de 1.200.000 (unu miliono ducent mil) laborlokoj en Meksiko kaj 300.000 (tricent mil) en Usono.<\/p>\n<p align=\"justify\"><strong>\u2013Kion vi proponas?<\/strong><strong> <\/strong><\/p>\n<p align=\"justify\">\u2013La nutran suverenecon. Ni scias ke la produktado en pli malgranda skalo estas pli efika. \u0108iu lando \u2013kaj \u0109iuj landoi de la mondo havas sufi\u0109an grundon kaj akvon por tio\u2013 devas kultivi la bazajn produktojn por nutri sian lo\u011dantaron.<\/p>\n<p align=\"justify\"><a href=\"http:\/\/bardina.blog.pangea.org\/files\/2014\/01\/Llibre_Doce_mitos_sobre_el_hambre.jpg\"><img loading=\"lazy\" decoding=\"async\" class=\"alignleft size-full wp-image-1994\" alt=\"Doce mitos sobre el hambre.\" src=\"http:\/\/bardina.blog.pangea.org\/files\/2014\/01\/Llibre_Doce_mitos_sobre_el_hambre.jpg\" width=\"92\" height=\"150\" align=\"left\" hspace=\"5\" vspace=\"5\" \/><\/a><span style=\"font-size: medium\">Valoras la penon.<\/span><\/p>\n<p align=\"justify\"><strong><em>Rosset, per sia libro \u00abDekdu mitoj pri la malsato\u00bb havas la kvaliton sentigi vin inteligenta, \u0109ar la malfacilajn aferojn li klare simpligas. Lia analizo pri la politikoj kiuj malpermesas ke la popolo nutru sin en la tuta mondo, montras ke \u015dan\u011do bezonatas<\/em><\/strong>.<\/p>\n<p align=\"justify\"><strong><em>Li komencas per malmuntado de falsaj opinioj: la unua, manko de nutra\u0135o por \u0109iuj: \u00abLa \u0109efa ka\u016dzo de morto kaj malsano estas la malsato; la rimedo estas la nutrado: la rimedo ekzistas\u00bb. Neniu lando en nia mondo estas malespera kazo. E\u0109 tiuj kiuj ni kredas enorme trolo\u011dataj havas la necesajn resursojn por ke \u011dia lo\u011dantaro mem liberi\u011du de la malsato. Do, pri kio temas? Scii tion valoras la penon<\/em><\/strong>.<\/p>\n<p><\/p>","protected":false},"excerpt":{"rendered":"<p>Peter Rosset: \u00ab\u0108iuj landoj povas nutri sian popolon\u00bb. La Vanguardia, sabaton la 16an de aprilo 2005. La Contra. Pa\u011do 76. Peter Rosset. Spertulo pri nutrado kaj pri tutmonda agrokulturo. Peter Rosset. Foto: Inma S\u00e1inz De Baranda. Mi estas 49-jara, naski\u011dis &hellip; <a href=\"https:\/\/bardina.blog.pangea.org\/eo\/publicacions-de-col%c2%b7laboradors-i-amics-del-centre-destudis-joan-bardina\/peter-rosset-tot-pais-pot-alimentar-la-seva-gent\/\">Legi plu <span class=\"meta-nav\">&rarr;<\/span><\/a><\/p>\n","protected":false},"author":106,"featured_media":0,"parent":1988,"menu_order":0,"comment_status":"open","ping_status":"open","template":"","meta":{"footnotes":""},"class_list":["post-1991","page","type-page","status-publish","hentry"],"jetpack_sharing_enabled":true,"_links":{"self":[{"href":"https:\/\/bardina.blog.pangea.org\/eo\/wp-json\/wp\/v2\/pages\/1991","targetHints":{"allow":["GET"]}}],"collection":[{"href":"https:\/\/bardina.blog.pangea.org\/eo\/wp-json\/wp\/v2\/pages"}],"about":[{"href":"https:\/\/bardina.blog.pangea.org\/eo\/wp-json\/wp\/v2\/types\/page"}],"author":[{"embeddable":true,"href":"https:\/\/bardina.blog.pangea.org\/eo\/wp-json\/wp\/v2\/users\/106"}],"replies":[{"embeddable":true,"href":"https:\/\/bardina.blog.pangea.org\/eo\/wp-json\/wp\/v2\/comments?post=1991"}],"version-history":[{"count":4,"href":"https:\/\/bardina.blog.pangea.org\/eo\/wp-json\/wp\/v2\/pages\/1991\/revisions"}],"predecessor-version":[{"id":1998,"href":"https:\/\/bardina.blog.pangea.org\/eo\/wp-json\/wp\/v2\/pages\/1991\/revisions\/1998"}],"up":[{"embeddable":true,"href":"https:\/\/bardina.blog.pangea.org\/eo\/wp-json\/wp\/v2\/pages\/1988"}],"wp:attachment":[{"href":"https:\/\/bardina.blog.pangea.org\/eo\/wp-json\/wp\/v2\/media?parent=1991"}],"curies":[{"name":"wp","href":"https:\/\/api.w.org\/{rel}","templated":true}]}}