{"id":2,"date":"2009-08-20T13:13:55","date_gmt":"2009-08-20T11:13:55","guid":{"rendered":""},"modified":"2014-01-15T21:32:44","modified_gmt":"2014-01-15T19:32:44","slug":"informacion","status":"publish","type":"page","link":"https:\/\/bardina.blog.pangea.org\/eo\/informacion\/","title":{"rendered":"(Catal\u00e0) Qui som?"},"content":{"rendered":"<p class=\"qtranxs-available-languages-message qtranxs-available-languages-message-eo\">Disculpa, per\u00f2 aquesta entrada est\u00e0 nom\u00e9s disponible en <a href=\"https:\/\/bardina.blog.pangea.org\/ca\/wp-json\/wp\/v2\/pages\/2\" class=\"qtranxs-available-language-link qtranxs-available-language-link-ca\" title=\"Catal\u00e0\">Catal\u00e0<\/a>, <a href=\"https:\/\/bardina.blog.pangea.org\/es\/wp-json\/wp\/v2\/pages\/2\" class=\"qtranxs-available-language-link qtranxs-available-language-link-es\" title=\"Castellano\">Castellano<\/a>, <a href=\"https:\/\/bardina.blog.pangea.org\/en\/wp-json\/wp\/v2\/pages\/2\" class=\"qtranxs-available-language-link qtranxs-available-language-link-en\" title=\"English\">English<\/a>, <a href=\"https:\/\/bardina.blog.pangea.org\/fr\/wp-json\/wp\/v2\/pages\/2\" class=\"qtranxs-available-language-link qtranxs-available-language-link-fr\" title=\"Fran\u00e7ais\">Fran\u00e7ais<\/a>, <a href=\"https:\/\/bardina.blog.pangea.org\/it\/wp-json\/wp\/v2\/pages\/2\" class=\"qtranxs-available-language-link qtranxs-available-language-link-it\" title=\"Italiano\">Italiano<\/a> i <a href=\"https:\/\/bardina.blog.pangea.org\/de\/wp-json\/wp\/v2\/pages\/2\" class=\"qtranxs-available-language-link qtranxs-available-language-link-de\" title=\"Deutsch\">Deutsch<\/a>.<\/p>","protected":false},"excerpt":{"rendered":"<p>Disculpa, per\u00f2 aquesta entrada est\u00e0 nom\u00e9s disponible en Catal\u00e0, Castellano, English, Fran\u00e7ais, Italiano i Deutsch.<\/p>\n","protected":false},"author":106,"featured_media":0,"parent":0,"menu_order":2,"comment_status":"open","ping_status":"open","template":"","meta":{"footnotes":""},"class_list":["post-2","page","type-page","status-publish","hentry"],"jetpack_sharing_enabled":true,"_links":{"self":[{"href":"https:\/\/bardina.blog.pangea.org\/eo\/wp-json\/wp\/v2\/pages\/2","targetHints":{"allow":["GET"]}}],"collection":[{"href":"https:\/\/bardina.blog.pangea.org\/eo\/wp-json\/wp\/v2\/pages"}],"about":[{"href":"https:\/\/bardina.blog.pangea.org\/eo\/wp-json\/wp\/v2\/types\/page"}],"author":[{"embeddable":true,"href":"https:\/\/bardina.blog.pangea.org\/eo\/wp-json\/wp\/v2\/users\/106"}],"replies":[{"embeddable":true,"href":"https:\/\/bardina.blog.pangea.org\/eo\/wp-json\/wp\/v2\/comments?post=2"}],"version-history":[{"count":16,"href":"https:\/\/bardina.blog.pangea.org\/eo\/wp-json\/wp\/v2\/pages\/2\/revisions"}],"predecessor-version":[{"id":1990,"href":"https:\/\/bardina.blog.pangea.org\/eo\/wp-json\/wp\/v2\/pages\/2\/revisions\/1990"}],"wp:attachment":[{"href":"https:\/\/bardina.blog.pangea.org\/eo\/wp-json\/wp\/v2\/media?parent=2"}],"curies":[{"name":"wp","href":"https:\/\/api.w.org\/{rel}","templated":true}]}}